{"id":10420,"date":"2023-07-05T16:44:59","date_gmt":"2023-07-05T19:44:59","guid":{"rendered":"https:\/\/www.matarasso.adv.br\/dpo\/"},"modified":"2024-05-01T16:13:13","modified_gmt":"2024-05-01T19:13:13","slug":"dpo","status":"publish","type":"page","link":"https:\/\/www.matarasso.adv.br\/en\/dpo\/","title":{"rendered":"DPO"},"content":{"rendered":"<p style=\"text-align: center;\"><strong>CARTA DE NOMEA\u00c7\u00c3O DE DPO\/ENCARREGADO DE DADOS<\/strong><\/p>\n<p><strong><u>MATARASSO ADVOGADOS<\/u><\/strong><\/p>\n<p><strong>Nomea\u00e7\u00e3o do Encarregado pelo Tratamento de Dados Pessoais:<\/strong><\/p>\n<p>\u200b<\/p>\n<p>A <strong>MATARASSO SOCIEDADE DE ADVOGADOS<\/strong> ou <strong>(\u201cMATARASSO\u201d ou \u201cMSA\u201d)<\/strong>, pessoa jur\u00eddica de direito privado, inscrita no CNPJ sob o n.\u00ba 28.210.873\/0001-48, com sede na Avenida Paulista, 1.159, conjuntos 814 e 8156, Bela Vista, S\u00e3o Paulo\/SP, CEP 01311-200, denominada \u201cControladora\u201d, nomeia como <strong>Encarregado pelo Tratamento de Dados Pessoais<\/strong>, nos termos do art. 41, da Lei Geral de Prote\u00e7\u00e3o de Dados Pessoais (LGPD), a s\u00f3cia <strong>ALESSANDRA PEREIRA MATARASSO<\/strong>, e-mail <a href=\"mailto:privavidade.lgpd@matarasso.adv.br\">privavidade.lgpd@matarasso.adv.br<\/a>, neste ato representado nos termos de seu contrato social.<\/p>\n<p>\u200b<\/p>\n<p><strong>Atribui\u00e7\u00f5es e tarefas do Encarregado pelo Tratamento de Dados Pessoais:<\/strong><\/p>\n<p><strong>\u00a0<\/strong><\/p>\n<ul>\n<li>O Encarregado pelo Tratamento de Dados Pessoais executar\u00e1 as seguintes tarefas em conformidade com o art. 41 da Lei Geral de Prote\u00e7\u00e3o de Dados Pessoais:<\/li>\n<li>Aceitar reclama\u00e7\u00f5es e comunica\u00e7\u00f5es dos titulares, prestar esclarecimentos e adotar provid\u00eancias;<\/li>\n<li>Receber comunica\u00e7\u00f5es da Autoridade Nacional e adotar provid\u00eancias;<\/li>\n<li>Orientar os funcion\u00e1rios e os contratados da entidade a respeito das pr\u00e1ticas a serem tomadas em rela\u00e7\u00e3o \u00e0 prote\u00e7\u00e3o de dados pessoais;<\/li>\n<li>Executar as demais atribui\u00e7\u00f5es determinadas pelo controlador ou estabelecidas em normas complementares;<\/li>\n<li>Mediante solicita\u00e7\u00e3o, assessorar o Controlador na realiza\u00e7\u00e3o de avalia\u00e7\u00e3o de impacto \u00e0 prote\u00e7\u00e3o de dados e suas implementa\u00e7\u00f5es, nos termos da Lei Geral de Prote\u00e7\u00e3o de Dados Pessoais (LGPD);<\/li>\n<li>Atuar como ponto de contato da Autoridade Nacional de Prote\u00e7\u00e3o de Dados em quest\u00f5es relacionadas com o tratamento de dados pessoais, incluindo consultas pr\u00e9vias sobre a avalia\u00e7\u00e3o de impacto \u00e0 prote\u00e7\u00e3o de dados nos termos da Lei Geral de Prote\u00e7\u00e3o de Dados Pessoais (LGPD), quando apropriado, assessorando em todas as outras quest\u00f5es;<\/li>\n<li>Atuar como ponto de contato para o exerc\u00edcio dos direitos dos titulares de dados nos termos da Lei Geral de Prote\u00e7\u00e3o de Dados Pessoais (LGPD) e processar suas consultas relacionadas \u00e0s atividades de tratamento de dados.<\/li>\n<\/ul>\n<p>\u200b<\/p>\n<p><strong>Deveres do Controlador:<\/strong><\/p>\n<p>O Controlador compromete-se a:<\/p>\n<ul>\n<li>Fornecer ao Encarregado pelo Tratamento de Dados Pessoais todos os meios, recursos financeiros e pessoal necess\u00e1rios, a fim de permitir o desempenho adequado de suas tarefas e fun\u00e7\u00f5es;<\/li>\n<li>Envolver prontamente o Encarregado pelo Tratamento de Dados Pessoais em todos os assuntos relacionados \u00e0 prote\u00e7\u00e3o de dados pessoais;<\/li>\n<li>Abster-se de fornecer instru\u00e7\u00f5es sobre como o Encarregado pelo Tratamento de Dados Pessoais deve executar suas tarefas;<\/li>\n<li>Abster-se de remover ou penalizar o Encarregado pelo Tratamento de Dados Pessoais como resultado da execu\u00e7\u00e3o de suas tarefas;<\/li>\n<li>Verificar se o Encarregado pelo Tratamento de Dados Pessoais executa suas tarefas de forma aut\u00f4noma e independente;<\/li>\n<li>Decidir sem demora acerca da tomada de medidas de adequa\u00e7\u00e3o e medidas de mitiga\u00e7\u00e3o de danos, endere\u00e7amento e viola\u00e7\u00f5es e incidentes, comunica\u00e7\u00f5es ao p\u00fablico e \u00e0s autoridades, e outras decis\u00f5es executivas acerca de privacidade e prote\u00e7\u00e3o de dados levadas \u00e0 alta-diretoria pelo Encarregado pelo Tratamento de Dados Pessoais;<\/li>\n<li>Decidir sem demora acerca da tomada de medidas de adequa\u00e7\u00e3o, mitiga\u00e7\u00e3o de danos e endere\u00e7amento de riscos, viola\u00e7\u00f5es, incidentes e outras quest\u00f5es relacionados \u00e0 seguran\u00e7a da informa\u00e7\u00e3o, privacidade e prote\u00e7\u00e3o de dados levadas \u00e0 alta-diretoria pelo Encarregado pelo Tratamento de Dados Pessoais;<\/li>\n<li>Manter os dados de contato do Encarregado pela Prote\u00e7\u00e3o de Dados Pessoais dispon\u00edveis ao p\u00fablico.<\/li>\n<\/ul>\n<p>\u200b<\/p>\n<p>Informa-se, por fim, o e-mail do Encarregado pelo Tratamento de Dados Pessoais para que os Titulares dos Dados exer\u00e7am seus direitos:\u00a0<a href=\"mailto:privacidade.lgpd@matarasso.adv.br\">privacidade.lgpd@matarasso.adv.br<\/a>.<\/p>\n<p>&nbsp;<\/p>\n<p>&nbsp;<\/p>\n<p>Sem mais.<\/p>\n<p>&nbsp;<\/p>\n<p><strong>\u00a0<\/strong><\/p>\n<p><strong>JUNHO\/2023<\/strong><\/p>\n<p><strong>\u00a0<\/strong><\/p>\n<p><strong>\u00a0<\/strong><\/p>\n<p><strong>MATARASSO SOCIEDADE DE ADVOGADOS<\/strong><\/p>\n<p><strong>\u00a0<\/strong><\/p>\n<p><strong>\u00a0<\/strong><\/p>\n<p><strong>\u00a0<\/strong><\/p>\n<p><strong>\u00a0<\/strong><\/p>\n<p><strong>ALESSANDRA PEREIRA MATARASSO<\/strong><\/p>\n","protected":false},"excerpt":{"rendered":"<p>CARTA DE NOMEA\u00c7\u00c3O DE DPO\/ENCARREGADO DE DADOS MATARASSO ADVOGADOS Nomea\u00e7\u00e3o do Encarregado pelo Tratamento de Dados Pessoais: \u200b A MATARASSO SOCIEDADE DE ADVOGADOS ou (\u201cMATARASSO\u201d ou \u201cMSA\u201d), pessoa jur\u00eddica de direito privado, inscrita no CNPJ sob o n.\u00ba 28.210.873\/0001-48, com sede na Avenida Paulista, 1.159, conjuntos 814 e 8156, Bela Vista, S\u00e3o Paulo\/SP, CEP 01311-200, [&hellip;]<\/p>\n","protected":false},"author":2,"featured_media":0,"parent":0,"menu_order":0,"comment_status":"closed","ping_status":"closed","template":"","meta":{"_acf_changed":false,"footnotes":""},"class_list":["post-10420","page","type-page","status-publish","hentry"],"acf":[],"yoast_head":"<!-- This site is optimized with the Yoast SEO plugin v27.4 - https:\/\/yoast.com\/product\/yoast-seo-wordpress\/ -->\n<title>DPO - Matarasso<\/title>\n<meta name=\"description\" content=\"CARTA DE NOMEA\u00c7\u00c3O DE DPO\/ENCARREGADO DE DADOS MATARASSO ADVOGADOS Nomea\u00e7\u00e3o do Encarregado pelo Tratamento de Dados Pessoais: \u200b A MATARASSO SOCIEDADE DE\" \/>\n<meta name=\"robots\" content=\"index, follow, max-snippet:-1, max-image-preview:large, max-video-preview:-1\" \/>\n<link rel=\"canonical\" href=\"https:\/\/www.matarasso.adv.br\/en\/dpo\/\" \/>\n<meta property=\"og:locale\" content=\"en_US\" \/>\n<meta property=\"og:type\" content=\"article\" \/>\n<meta property=\"og:title\" content=\"DPO - Matarasso\" \/>\n<meta property=\"og:description\" content=\"CARTA DE NOMEA\u00c7\u00c3O DE DPO\/ENCARREGADO DE DADOS MATARASSO ADVOGADOS Nomea\u00e7\u00e3o do Encarregado pelo Tratamento de Dados Pessoais: \u200b A MATARASSO SOCIEDADE DE\" \/>\n<meta property=\"og:url\" content=\"https:\/\/www.matarasso.adv.br\/en\/dpo\/\" \/>\n<meta property=\"og:site_name\" content=\"Matarasso\" \/>\n<meta property=\"article:modified_time\" content=\"2024-05-01T19:13:13+00:00\" \/>\n<meta name=\"twitter:card\" content=\"summary_large_image\" \/>\n<meta name=\"twitter:label1\" content=\"Est. reading time\" \/>\n\t<meta name=\"twitter:data1\" content=\"4 minutes\" \/>\n<script type=\"application\/ld+json\" class=\"yoast-schema-graph\">{\"@context\":\"https:\\\/\\\/schema.org\",\"@graph\":[{\"@type\":\"WebPage\",\"@id\":\"https:\\\/\\\/www.matarasso.adv.br\\\/en\\\/dpo\\\/\",\"url\":\"https:\\\/\\\/www.matarasso.adv.br\\\/en\\\/dpo\\\/\",\"name\":\"DPO - Matarasso\",\"isPartOf\":{\"@id\":\"https:\\\/\\\/www.matarasso.adv.br\\\/#website\"},\"datePublished\":\"2023-07-05T19:44:59+00:00\",\"dateModified\":\"2024-05-01T19:13:13+00:00\",\"description\":\"CARTA DE NOMEA\u00c7\u00c3O DE DPO\\\/ENCARREGADO DE DADOS MATARASSO ADVOGADOS Nomea\u00e7\u00e3o do Encarregado pelo Tratamento de Dados Pessoais: \u200b A MATARASSO SOCIEDADE DE\",\"breadcrumb\":{\"@id\":\"https:\\\/\\\/www.matarasso.adv.br\\\/en\\\/dpo\\\/#breadcrumb\"},\"inLanguage\":\"en-US\",\"potentialAction\":[{\"@type\":\"ReadAction\",\"target\":[\"https:\\\/\\\/www.matarasso.adv.br\\\/en\\\/dpo\\\/\"]}]},{\"@type\":\"BreadcrumbList\",\"@id\":\"https:\\\/\\\/www.matarasso.adv.br\\\/en\\\/dpo\\\/#breadcrumb\",\"itemListElement\":[{\"@type\":\"ListItem\",\"position\":1,\"name\":\"In\u00edcio\",\"item\":\"https:\\\/\\\/www.matarasso.adv.br\\\/en\\\/\"},{\"@type\":\"ListItem\",\"position\":2,\"name\":\"DPO\"}]},{\"@type\":\"WebSite\",\"@id\":\"https:\\\/\\\/www.matarasso.adv.br\\\/#website\",\"url\":\"https:\\\/\\\/www.matarasso.adv.br\\\/\",\"name\":\"Matarasso\",\"description\":\"\",\"publisher\":{\"@id\":\"https:\\\/\\\/www.matarasso.adv.br\\\/#organization\"},\"potentialAction\":[{\"@type\":\"SearchAction\",\"target\":{\"@type\":\"EntryPoint\",\"urlTemplate\":\"https:\\\/\\\/www.matarasso.adv.br\\\/?s={search_term_string}\"},\"query-input\":{\"@type\":\"PropertyValueSpecification\",\"valueRequired\":true,\"valueName\":\"search_term_string\"}}],\"inLanguage\":\"en-US\"},{\"@type\":\"Organization\",\"@id\":\"https:\\\/\\\/www.matarasso.adv.br\\\/#organization\",\"name\":\"Albuquerque Faria Advocacia\",\"url\":\"https:\\\/\\\/www.matarasso.adv.br\\\/\",\"logo\":{\"@type\":\"ImageObject\",\"inLanguage\":\"en-US\",\"@id\":\"https:\\\/\\\/www.matarasso.adv.br\\\/#\\\/schema\\\/logo\\\/image\\\/\",\"url\":\"https:\\\/\\\/www.matarasso.adv.br\\\/wp-content\\\/uploads\\\/2020\\\/10\\\/logo.jpeg\",\"contentUrl\":\"https:\\\/\\\/www.matarasso.adv.br\\\/wp-content\\\/uploads\\\/2020\\\/10\\\/logo.jpeg\",\"width\":512,\"height\":282,\"caption\":\"Albuquerque Faria Advocacia\"},\"image\":{\"@id\":\"https:\\\/\\\/www.matarasso.adv.br\\\/#\\\/schema\\\/logo\\\/image\\\/\"}}]}<\/script>\n<!-- \/ Yoast SEO plugin. -->","yoast_head_json":{"title":"DPO - Matarasso","description":"CARTA DE NOMEA\u00c7\u00c3O DE DPO\/ENCARREGADO DE DADOS MATARASSO ADVOGADOS Nomea\u00e7\u00e3o do Encarregado pelo Tratamento de Dados Pessoais: \u200b A MATARASSO SOCIEDADE DE","robots":{"index":"index","follow":"follow","max-snippet":"max-snippet:-1","max-image-preview":"max-image-preview:large","max-video-preview":"max-video-preview:-1"},"canonical":"https:\/\/www.matarasso.adv.br\/en\/dpo\/","og_locale":"en_US","og_type":"article","og_title":"DPO - Matarasso","og_description":"CARTA DE NOMEA\u00c7\u00c3O DE DPO\/ENCARREGADO DE DADOS MATARASSO ADVOGADOS Nomea\u00e7\u00e3o do Encarregado pelo Tratamento de Dados Pessoais: \u200b A MATARASSO SOCIEDADE DE","og_url":"https:\/\/www.matarasso.adv.br\/en\/dpo\/","og_site_name":"Matarasso","article_modified_time":"2024-05-01T19:13:13+00:00","twitter_card":"summary_large_image","twitter_misc":{"Est. reading time":"4 minutes"},"schema":{"@context":"https:\/\/schema.org","@graph":[{"@type":"WebPage","@id":"https:\/\/www.matarasso.adv.br\/en\/dpo\/","url":"https:\/\/www.matarasso.adv.br\/en\/dpo\/","name":"DPO - Matarasso","isPartOf":{"@id":"https:\/\/www.matarasso.adv.br\/#website"},"datePublished":"2023-07-05T19:44:59+00:00","dateModified":"2024-05-01T19:13:13+00:00","description":"CARTA DE NOMEA\u00c7\u00c3O DE DPO\/ENCARREGADO DE DADOS MATARASSO ADVOGADOS Nomea\u00e7\u00e3o do Encarregado pelo Tratamento de Dados Pessoais: \u200b A MATARASSO SOCIEDADE DE","breadcrumb":{"@id":"https:\/\/www.matarasso.adv.br\/en\/dpo\/#breadcrumb"},"inLanguage":"en-US","potentialAction":[{"@type":"ReadAction","target":["https:\/\/www.matarasso.adv.br\/en\/dpo\/"]}]},{"@type":"BreadcrumbList","@id":"https:\/\/www.matarasso.adv.br\/en\/dpo\/#breadcrumb","itemListElement":[{"@type":"ListItem","position":1,"name":"In\u00edcio","item":"https:\/\/www.matarasso.adv.br\/en\/"},{"@type":"ListItem","position":2,"name":"DPO"}]},{"@type":"WebSite","@id":"https:\/\/www.matarasso.adv.br\/#website","url":"https:\/\/www.matarasso.adv.br\/","name":"Matarasso","description":"","publisher":{"@id":"https:\/\/www.matarasso.adv.br\/#organization"},"potentialAction":[{"@type":"SearchAction","target":{"@type":"EntryPoint","urlTemplate":"https:\/\/www.matarasso.adv.br\/?s={search_term_string}"},"query-input":{"@type":"PropertyValueSpecification","valueRequired":true,"valueName":"search_term_string"}}],"inLanguage":"en-US"},{"@type":"Organization","@id":"https:\/\/www.matarasso.adv.br\/#organization","name":"Albuquerque Faria Advocacia","url":"https:\/\/www.matarasso.adv.br\/","logo":{"@type":"ImageObject","inLanguage":"en-US","@id":"https:\/\/www.matarasso.adv.br\/#\/schema\/logo\/image\/","url":"https:\/\/www.matarasso.adv.br\/wp-content\/uploads\/2020\/10\/logo.jpeg","contentUrl":"https:\/\/www.matarasso.adv.br\/wp-content\/uploads\/2020\/10\/logo.jpeg","width":512,"height":282,"caption":"Albuquerque Faria Advocacia"},"image":{"@id":"https:\/\/www.matarasso.adv.br\/#\/schema\/logo\/image\/"}}]}},"_links":{"self":[{"href":"https:\/\/www.matarasso.adv.br\/en\/wp-json\/wp\/v2\/pages\/10420","targetHints":{"allow":["GET"]}}],"collection":[{"href":"https:\/\/www.matarasso.adv.br\/en\/wp-json\/wp\/v2\/pages"}],"about":[{"href":"https:\/\/www.matarasso.adv.br\/en\/wp-json\/wp\/v2\/types\/page"}],"author":[{"embeddable":true,"href":"https:\/\/www.matarasso.adv.br\/en\/wp-json\/wp\/v2\/users\/2"}],"replies":[{"embeddable":true,"href":"https:\/\/www.matarasso.adv.br\/en\/wp-json\/wp\/v2\/comments?post=10420"}],"version-history":[{"count":1,"href":"https:\/\/www.matarasso.adv.br\/en\/wp-json\/wp\/v2\/pages\/10420\/revisions"}],"predecessor-version":[{"id":10421,"href":"https:\/\/www.matarasso.adv.br\/en\/wp-json\/wp\/v2\/pages\/10420\/revisions\/10421"}],"wp:attachment":[{"href":"https:\/\/www.matarasso.adv.br\/en\/wp-json\/wp\/v2\/media?parent=10420"}],"curies":[{"name":"wp","href":"https:\/\/api.w.org\/{rel}","templated":true}]}}